{"id":14,"date":"2022-10-17T03:40:23","date_gmt":"2022-10-17T03:40:23","guid":{"rendered":"https:\/\/publik360.com\/?page_id=14"},"modified":"2023-01-27T23:08:31","modified_gmt":"2023-01-27T23:08:31","slug":"servicios","status":"publish","type":"page","link":"https:\/\/publik360.com\/index.php\/servicios\/","title":{"rendered":"Servicios"},"content":{"rendered":"\n<p class=\"has-black-color has-text-color has-x-large-font-size\"><strong>Marketing Digital<\/strong><\/p>\n\n\n\n<p class=\"has-black-color has-text-color has-medium-font-size\">Creamos campa\u00f1as de publicidad en Facebook y Google.&nbsp;<\/p>\n\n\n\n<p class=\"has-black-color has-text-color has-medium-font-size\">Desarrollamos la estrategia, planeaci\u00f3n y pauta.&nbsp;<\/p>\n\n\n\n<p class=\"has-black-color has-text-color has-medium-font-size\">Creamos el contenido que tu marca necesita: dise\u00f1o gr\u00e1fico, copywriting, foto y video.<\/p>\n\n\n\n<p class=\"has-black-color has-text-color has-medium-font-size\">Establecemos objetivos, encontramos el mensaje correcto y lo creamos para alcanzar las metas que buscas.<\/p>\n\n\n\n<figure class=\"wp-block-image size-full is-style-rounded\"><img loading=\"lazy\" decoding=\"async\" width=\"971\" height=\"679\" src=\"https:\/\/publik360.com\/wp-content\/uploads\/2023\/01\/Screen-Shot-2023-01-25-at-8.10.23-PM.png\" alt=\"\" class=\"wp-image-240\" srcset=\"https:\/\/publik360.com\/wp-content\/uploads\/2023\/01\/Screen-Shot-2023-01-25-at-8.10.23-PM.png 971w, https:\/\/publik360.com\/wp-content\/uploads\/2023\/01\/Screen-Shot-2023-01-25-at-8.10.23-PM-300x210.png 300w, https:\/\/publik360.com\/wp-content\/uploads\/2023\/01\/Screen-Shot-2023-01-25-at-8.10.23-PM-768x537.png 768w\" sizes=\"auto, (max-width: 971px) 100vw, 971px\" \/><\/figure>\n\n\n\n<p class=\"has-black-color has-text-color has-x-large-font-size\"><strong>Creatividad<\/strong><\/p>\n\n\n\n<p class=\"has-black-color has-text-color has-medium-font-size\">El qu\u00e9 y el c\u00f3mo siempre tendr\u00e1n una forma distinta de presentarse. Nuestro reto es generar contenido y materiales que te hagan destacar de entre la competencia.&nbsp;<\/p>\n\n\n\n<p class=\"has-black-color has-text-color has-medium-font-size\">La creatividad es la llave de todos nuestros proyectos.&nbsp;<\/p>\n\n\n\n<figure class=\"wp-block-image size-full is-style-rounded\"><img loading=\"lazy\" decoding=\"async\" width=\"857\" height=\"612\" src=\"https:\/\/publik360.com\/wp-content\/uploads\/2022\/10\/Screen-Shot-2022-10-18-at-3.36.24-PM.png\" alt=\"\" class=\"wp-image-59\" srcset=\"https:\/\/publik360.com\/wp-content\/uploads\/2022\/10\/Screen-Shot-2022-10-18-at-3.36.24-PM.png 857w, https:\/\/publik360.com\/wp-content\/uploads\/2022\/10\/Screen-Shot-2022-10-18-at-3.36.24-PM-300x214.png 300w, https:\/\/publik360.com\/wp-content\/uploads\/2022\/10\/Screen-Shot-2022-10-18-at-3.36.24-PM-768x548.png 768w\" sizes=\"auto, (max-width: 857px) 100vw, 857px\" \/><\/figure>\n\n\n\n<p class=\"has-black-color has-text-color has-x-large-font-size\"><strong>Producci\u00f3n Video y Foto<\/strong><\/p>\n\n\n\n<p class=\"has-medium-font-size\">Creamos producciones en video desde contenido para RRSS hasta comerciales publicitarios para grandes marcas. As\u00ed como fotograf\u00eda de servicios, cat\u00e1logo o productos.&nbsp;<\/p>\n\n\n\n<p class=\"has-medium-font-size\">El contenido audiovisual, tanto de video como de fotograf\u00eda, siempre va acompa\u00f1ado de una estrategia que previamente defini\u00f3 objetivos a cumplir.&nbsp;<\/p>\n\n\n\n<p class=\"has-medium-font-size\">Siembre bajo el enfoque de Marketing o bien de Marketing Digital.&nbsp;&nbsp;<\/p>\n\n\n\n<p class=\"has-medium-font-size\">Todos optimizados para su difusi\u00f3n en las plataformas digitales o bien para alimentar sitios web.&nbsp;<\/p>\n\n\n\n<figure class=\"wp-block-image size-full is-style-rounded\"><img loading=\"lazy\" decoding=\"async\" width=\"919\" height=\"612\" src=\"https:\/\/publik360.com\/wp-content\/uploads\/2022\/10\/Screen-Shot-2022-10-18-at-3.44.42-PM.png\" alt=\"\" class=\"wp-image-62\" srcset=\"https:\/\/publik360.com\/wp-content\/uploads\/2022\/10\/Screen-Shot-2022-10-18-at-3.44.42-PM.png 919w, https:\/\/publik360.com\/wp-content\/uploads\/2022\/10\/Screen-Shot-2022-10-18-at-3.44.42-PM-300x200.png 300w, https:\/\/publik360.com\/wp-content\/uploads\/2022\/10\/Screen-Shot-2022-10-18-at-3.44.42-PM-768x511.png 768w\" sizes=\"auto, (max-width: 919px) 100vw, 919px\" \/><\/figure>\n\n\n\n<p class=\"has-black-color has-text-color has-x-large-font-size\"><strong>P\u00e1ginas WEB<\/strong><\/p>\n\n\n\n<p class=\"has-black-color has-text-color has-medium-font-size\">Programaci\u00f3n, dise\u00f1o, creaci\u00f3n del contenido. Desarrollamos tu sitio a la medida, conectado a las aplicaciones que la plataforma digital demanda hoy en d\u00eda. <\/p>\n\n\n\n<p class=\"has-black-color has-text-color has-medium-font-size\">Sitios autoadministrables, tienda en l\u00ednea o bien p\u00e1ginas sencillas que te den presencia en la web. T\u00fa decides qu\u00e9 tan grande o peque\u00f1o quieras ser.<\/p>\n\n\n\n<p><\/p>\n\n\n\n<figure class=\"wp-block-image size-full is-style-rounded\"><img loading=\"lazy\" decoding=\"async\" width=\"984\" height=\"556\" src=\"https:\/\/publik360.com\/wp-content\/uploads\/2023\/01\/Screen-Shot-2023-01-25-at-8.02.32-PM.png\" alt=\"\" class=\"wp-image-238\" srcset=\"https:\/\/publik360.com\/wp-content\/uploads\/2023\/01\/Screen-Shot-2023-01-25-at-8.02.32-PM.png 984w, https:\/\/publik360.com\/wp-content\/uploads\/2023\/01\/Screen-Shot-2023-01-25-at-8.02.32-PM-300x170.png 300w, https:\/\/publik360.com\/wp-content\/uploads\/2023\/01\/Screen-Shot-2023-01-25-at-8.02.32-PM-768x434.png 768w\" sizes=\"auto, (max-width: 984px) 100vw, 984px\" \/><\/figure>\n\n\n\n<p class=\"has-black-color has-text-color has-x-large-font-size\"><strong>Eventos (BTL)<\/strong><\/p>\n\n\n\n<p class=\"has-black-color has-text-color has-medium-font-size\">Creamos activaciones de marca, eventos que acompa\u00f1en tu estrategia de Marketing y PPRR.<\/p>\n\n\n\n<p class=\"has-black-color has-text-color has-medium-font-size\">As\u00ed como fiestas privadas, ceremonias, entrega de premios, convenciones.<\/p>\n\n\n\n<p class=\"has-black-color has-text-color has-medium-font-size\">Vamos desde la idea creativa hasta correr el evento. Majenamos todo lo relacionado en imagen, video y audio.<\/p>\n\n\n\n<figure class=\"wp-block-image size-full is-style-rounded\"><img loading=\"lazy\" decoding=\"async\" width=\"902\" height=\"589\" src=\"https:\/\/publik360.com\/wp-content\/uploads\/2022\/10\/Screen-Shot-2022-10-18-at-3.45.59-PM.png\" alt=\"\" class=\"wp-image-63\" srcset=\"https:\/\/publik360.com\/wp-content\/uploads\/2022\/10\/Screen-Shot-2022-10-18-at-3.45.59-PM.png 902w, https:\/\/publik360.com\/wp-content\/uploads\/2022\/10\/Screen-Shot-2022-10-18-at-3.45.59-PM-300x196.png 300w, https:\/\/publik360.com\/wp-content\/uploads\/2022\/10\/Screen-Shot-2022-10-18-at-3.45.59-PM-768x501.png 768w\" sizes=\"auto, (max-width: 902px) 100vw, 902px\" \/><\/figure>\n","protected":false},"excerpt":{"rendered":"<p>Marketing Digital Creamos campa\u00f1as de publicidad en Facebook y Google.&nbsp; Desarrollamos la estrategia, planeaci\u00f3n y pauta.&nbsp; Creamos el contenido que tu marca necesita: dise\u00f1o gr\u00e1fico, copywriting, foto y video. Establecemos objetivos, encontramos el mensaje correcto y lo creamos para alcanzar las metas que buscas. Creatividad El qu\u00e9 y el c\u00f3mo siempre tendr\u00e1n una forma distinta &hellip; <\/p>\n<p class=\"link-more\"><a href=\"https:\/\/publik360.com\/index.php\/servicios\/\" class=\"more-link\">Leer m\u00e1s<span class=\"screen-reader-text\"> \u00abServicios\u00bb<\/span><\/a><\/p>\n","protected":false},"author":1,"featured_media":111,"parent":0,"menu_order":0,"comment_status":"closed","ping_status":"closed","template":"","meta":{"footnotes":""},"class_list":["post-14","page","type-page","status-publish","has-post-thumbnail","hentry"],"yoast_head":"<!-- This site is optimized with the Yoast SEO plugin v20.1 - https:\/\/yoast.com\/wordpress\/plugins\/seo\/ -->\n<title>Servicios - PUBLIK360<\/title>\n<meta name=\"description\" content=\"Desarrollamos proyectos en nuestras \u00e1reas de expertise: Marketing Digital, Producci\u00f3n de foto y video, Creaci\u00f3n de p\u00e1ginas web y Eventos.\" \/>\n<meta name=\"robots\" content=\"index, follow, max-snippet:-1, max-image-preview:large, max-video-preview:-1\" \/>\n<link rel=\"canonical\" href=\"https:\/\/publik360.com\/index.php\/servicios\/\" \/>\n<meta property=\"og:locale\" content=\"es_MX\" \/>\n<meta property=\"og:type\" content=\"article\" \/>\n<meta property=\"og:title\" content=\"Servicios - PUBLIK360\" \/>\n<meta property=\"og:description\" content=\"Desarrollamos proyectos en nuestras \u00e1reas de expertise: Marketing Digital, Producci\u00f3n de foto y video, Creaci\u00f3n de p\u00e1ginas web y Eventos.\" \/>\n<meta property=\"og:url\" content=\"https:\/\/publik360.com\/index.php\/servicios\/\" \/>\n<meta property=\"og:site_name\" content=\"PUBLIK360\" \/>\n<meta property=\"article:publisher\" content=\"https:\/\/www.facebook.com\/publik360mx\" \/>\n<meta property=\"article:modified_time\" content=\"2023-01-27T23:08:31+00:00\" \/>\n<meta property=\"og:image\" content=\"https:\/\/publik360.com\/wp-content\/uploads\/2022\/10\/cropped-245538077_442600513899174_197977845091791742_n.jpeg\" \/>\n\t<meta property=\"og:image:width\" content=\"2000\" \/>\n\t<meta property=\"og:image:height\" content=\"1200\" \/>\n\t<meta property=\"og:image:type\" content=\"image\/jpeg\" \/>\n<meta name=\"twitter:card\" content=\"summary_large_image\" \/>\n<meta name=\"twitter:label1\" content=\"Tiempo de lectura\" \/>\n\t<meta name=\"twitter:data1\" content=\"3 minutos\" \/>\n<script type=\"application\/ld+json\" class=\"yoast-schema-graph\">{\"@context\":\"https:\/\/schema.org\",\"@graph\":[{\"@type\":\"WebPage\",\"@id\":\"https:\/\/publik360.com\/index.php\/servicios\/\",\"url\":\"https:\/\/publik360.com\/index.php\/servicios\/\",\"name\":\"Servicios - PUBLIK360\",\"isPartOf\":{\"@id\":\"https:\/\/publik360.com\/#website\"},\"datePublished\":\"2022-10-17T03:40:23+00:00\",\"dateModified\":\"2023-01-27T23:08:31+00:00\",\"description\":\"Desarrollamos proyectos en nuestras \u00e1reas de expertise: Marketing Digital, Producci\u00f3n de foto y video, Creaci\u00f3n de p\u00e1ginas web y Eventos.\",\"breadcrumb\":{\"@id\":\"https:\/\/publik360.com\/index.php\/servicios\/#breadcrumb\"},\"inLanguage\":\"es\",\"potentialAction\":[{\"@type\":\"ReadAction\",\"target\":[\"https:\/\/publik360.com\/index.php\/servicios\/\"]}]},{\"@type\":\"BreadcrumbList\",\"@id\":\"https:\/\/publik360.com\/index.php\/servicios\/#breadcrumb\",\"itemListElement\":[{\"@type\":\"ListItem\",\"position\":1,\"name\":\"Inicio\",\"item\":\"https:\/\/publik360.com\/\"},{\"@type\":\"ListItem\",\"position\":2,\"name\":\"Servicios\"}]},{\"@type\":\"WebSite\",\"@id\":\"https:\/\/publik360.com\/#website\",\"url\":\"https:\/\/publik360.com\/\",\"name\":\"PUBLIK360\",\"description\":\"DIGITAL MEDIA\",\"publisher\":{\"@id\":\"https:\/\/publik360.com\/#organization\"},\"potentialAction\":[{\"@type\":\"SearchAction\",\"target\":{\"@type\":\"EntryPoint\",\"urlTemplate\":\"https:\/\/publik360.com\/?s={search_term_string}\"},\"query-input\":\"required name=search_term_string\"}],\"inLanguage\":\"es\"},{\"@type\":\"Organization\",\"@id\":\"https:\/\/publik360.com\/#organization\",\"name\":\"PUBLIK360\",\"url\":\"https:\/\/publik360.com\/\",\"logo\":{\"@type\":\"ImageObject\",\"inLanguage\":\"es\",\"@id\":\"https:\/\/publik360.com\/#\/schema\/logo\/image\/\",\"url\":\"https:\/\/publik360.com\/wp-content\/uploads\/2022\/10\/logo-512.png\",\"contentUrl\":\"https:\/\/publik360.com\/wp-content\/uploads\/2022\/10\/logo-512.png\",\"width\":512,\"height\":512,\"caption\":\"PUBLIK360\"},\"image\":{\"@id\":\"https:\/\/publik360.com\/#\/schema\/logo\/image\/\"},\"sameAs\":[\"https:\/\/www.facebook.com\/publik360mx\",\"https:\/\/www.instagram.com\/publik360mx\"]}]}<\/script>\n<!-- \/ Yoast SEO plugin. -->","yoast_head_json":{"title":"Servicios - PUBLIK360","description":"Desarrollamos proyectos en nuestras \u00e1reas de expertise: Marketing Digital, Producci\u00f3n de foto y video, Creaci\u00f3n de p\u00e1ginas web y Eventos.","robots":{"index":"index","follow":"follow","max-snippet":"max-snippet:-1","max-image-preview":"max-image-preview:large","max-video-preview":"max-video-preview:-1"},"canonical":"https:\/\/publik360.com\/index.php\/servicios\/","og_locale":"es_MX","og_type":"article","og_title":"Servicios - PUBLIK360","og_description":"Desarrollamos proyectos en nuestras \u00e1reas de expertise: Marketing Digital, Producci\u00f3n de foto y video, Creaci\u00f3n de p\u00e1ginas web y Eventos.","og_url":"https:\/\/publik360.com\/index.php\/servicios\/","og_site_name":"PUBLIK360","article_publisher":"https:\/\/www.facebook.com\/publik360mx","article_modified_time":"2023-01-27T23:08:31+00:00","og_image":[{"width":2000,"height":1200,"url":"https:\/\/publik360.com\/wp-content\/uploads\/2022\/10\/cropped-245538077_442600513899174_197977845091791742_n.jpeg","type":"image\/jpeg"}],"twitter_card":"summary_large_image","twitter_misc":{"Tiempo de lectura":"3 minutos"},"schema":{"@context":"https:\/\/schema.org","@graph":[{"@type":"WebPage","@id":"https:\/\/publik360.com\/index.php\/servicios\/","url":"https:\/\/publik360.com\/index.php\/servicios\/","name":"Servicios - PUBLIK360","isPartOf":{"@id":"https:\/\/publik360.com\/#website"},"datePublished":"2022-10-17T03:40:23+00:00","dateModified":"2023-01-27T23:08:31+00:00","description":"Desarrollamos proyectos en nuestras \u00e1reas de expertise: Marketing Digital, Producci\u00f3n de foto y video, Creaci\u00f3n de p\u00e1ginas web y Eventos.","breadcrumb":{"@id":"https:\/\/publik360.com\/index.php\/servicios\/#breadcrumb"},"inLanguage":"es","potentialAction":[{"@type":"ReadAction","target":["https:\/\/publik360.com\/index.php\/servicios\/"]}]},{"@type":"BreadcrumbList","@id":"https:\/\/publik360.com\/index.php\/servicios\/#breadcrumb","itemListElement":[{"@type":"ListItem","position":1,"name":"Inicio","item":"https:\/\/publik360.com\/"},{"@type":"ListItem","position":2,"name":"Servicios"}]},{"@type":"WebSite","@id":"https:\/\/publik360.com\/#website","url":"https:\/\/publik360.com\/","name":"PUBLIK360","description":"DIGITAL MEDIA","publisher":{"@id":"https:\/\/publik360.com\/#organization"},"potentialAction":[{"@type":"SearchAction","target":{"@type":"EntryPoint","urlTemplate":"https:\/\/publik360.com\/?s={search_term_string}"},"query-input":"required name=search_term_string"}],"inLanguage":"es"},{"@type":"Organization","@id":"https:\/\/publik360.com\/#organization","name":"PUBLIK360","url":"https:\/\/publik360.com\/","logo":{"@type":"ImageObject","inLanguage":"es","@id":"https:\/\/publik360.com\/#\/schema\/logo\/image\/","url":"https:\/\/publik360.com\/wp-content\/uploads\/2022\/10\/logo-512.png","contentUrl":"https:\/\/publik360.com\/wp-content\/uploads\/2022\/10\/logo-512.png","width":512,"height":512,"caption":"PUBLIK360"},"image":{"@id":"https:\/\/publik360.com\/#\/schema\/logo\/image\/"},"sameAs":["https:\/\/www.facebook.com\/publik360mx","https:\/\/www.instagram.com\/publik360mx"]}]}},"_links":{"self":[{"href":"https:\/\/publik360.com\/index.php\/wp-json\/wp\/v2\/pages\/14","targetHints":{"allow":["GET"]}}],"collection":[{"href":"https:\/\/publik360.com\/index.php\/wp-json\/wp\/v2\/pages"}],"about":[{"href":"https:\/\/publik360.com\/index.php\/wp-json\/wp\/v2\/types\/page"}],"author":[{"embeddable":true,"href":"https:\/\/publik360.com\/index.php\/wp-json\/wp\/v2\/users\/1"}],"replies":[{"embeddable":true,"href":"https:\/\/publik360.com\/index.php\/wp-json\/wp\/v2\/comments?post=14"}],"version-history":[{"count":9,"href":"https:\/\/publik360.com\/index.php\/wp-json\/wp\/v2\/pages\/14\/revisions"}],"predecessor-version":[{"id":264,"href":"https:\/\/publik360.com\/index.php\/wp-json\/wp\/v2\/pages\/14\/revisions\/264"}],"wp:featuredmedia":[{"embeddable":true,"href":"https:\/\/publik360.com\/index.php\/wp-json\/wp\/v2\/media\/111"}],"wp:attachment":[{"href":"https:\/\/publik360.com\/index.php\/wp-json\/wp\/v2\/media?parent=14"}],"curies":[{"name":"wp","href":"https:\/\/api.w.org\/{rel}","templated":true}]}}