{"id":26,"date":"2022-10-17T03:42:47","date_gmt":"2022-10-17T03:42:47","guid":{"rendered":"https:\/\/publik360.com\/?page_id=26"},"modified":"2023-01-26T19:22:01","modified_gmt":"2023-01-26T19:22:01","slug":"mision","status":"publish","type":"page","link":"https:\/\/publik360.com\/index.php\/mision\/","title":{"rendered":"Misi\u00f3n"},"content":{"rendered":"\n<p class=\"has-text-align-center has-black-color has-text-color has-large-font-size\"><strong>Publik360 tiene como misi\u00f3n acompa\u00f1ar a nuestros clientes a lograr los objetivos establecidos en sus metas.<\/strong><\/p>\n\n\n\n<figure class=\"wp-block-image size-full is-style-rounded\"><img loading=\"lazy\" decoding=\"async\" width=\"970\" height=\"544\" src=\"https:\/\/publik360.com\/wp-content\/uploads\/2023\/01\/Screen-Shot-2023-01-26-at-1.09.24-PM.png\" alt=\"\" class=\"wp-image-252\" srcset=\"https:\/\/publik360.com\/wp-content\/uploads\/2023\/01\/Screen-Shot-2023-01-26-at-1.09.24-PM.png 970w, https:\/\/publik360.com\/wp-content\/uploads\/2023\/01\/Screen-Shot-2023-01-26-at-1.09.24-PM-300x168.png 300w, https:\/\/publik360.com\/wp-content\/uploads\/2023\/01\/Screen-Shot-2023-01-26-at-1.09.24-PM-768x431.png 768w\" sizes=\"auto, (max-width: 970px) 100vw, 970px\" \/><\/figure>\n","protected":false},"excerpt":{"rendered":"<p>Publik360 tiene como misi\u00f3n acompa\u00f1ar a nuestros clientes a lograr los objetivos establecidos en sus metas.<\/p>\n","protected":false},"author":1,"featured_media":53,"parent":0,"menu_order":0,"comment_status":"closed","ping_status":"closed","template":"","meta":{"footnotes":""},"class_list":["post-26","page","type-page","status-publish","has-post-thumbnail","hentry"],"yoast_head":"<!-- This site is optimized with the Yoast SEO plugin v20.1 - https:\/\/yoast.com\/wordpress\/plugins\/seo\/ -->\n<title>Misi\u00f3n - PUBLIK360<\/title>\n<meta name=\"robots\" content=\"index, follow, max-snippet:-1, max-image-preview:large, max-video-preview:-1\" \/>\n<link rel=\"canonical\" href=\"https:\/\/publik360.com\/index.php\/mision\/\" \/>\n<meta property=\"og:locale\" content=\"es_MX\" \/>\n<meta property=\"og:type\" content=\"article\" \/>\n<meta property=\"og:title\" content=\"Misi\u00f3n - PUBLIK360\" \/>\n<meta property=\"og:description\" content=\"Publik360 tiene como misi\u00f3n acompa\u00f1ar a nuestros clientes a lograr los objetivos establecidos en sus metas.\" \/>\n<meta property=\"og:url\" content=\"https:\/\/publik360.com\/index.php\/mision\/\" \/>\n<meta property=\"og:site_name\" content=\"PUBLIK360\" \/>\n<meta property=\"article:publisher\" content=\"https:\/\/www.facebook.com\/publik360mx\" \/>\n<meta property=\"article:modified_time\" content=\"2023-01-26T19:22:01+00:00\" \/>\n<meta property=\"og:image\" content=\"https:\/\/publik360.com\/wp-content\/uploads\/2022\/10\/245538077_442600513899174_197977845091791742_n.jpeg\" \/>\n\t<meta property=\"og:image:width\" content=\"1640\" \/>\n\t<meta property=\"og:image:height\" content=\"924\" \/>\n\t<meta property=\"og:image:type\" content=\"image\/jpeg\" \/>\n<meta name=\"twitter:card\" content=\"summary_large_image\" \/>\n<script type=\"application\/ld+json\" class=\"yoast-schema-graph\">{\"@context\":\"https:\/\/schema.org\",\"@graph\":[{\"@type\":\"WebPage\",\"@id\":\"https:\/\/publik360.com\/index.php\/mision\/\",\"url\":\"https:\/\/publik360.com\/index.php\/mision\/\",\"name\":\"Misi\u00f3n - PUBLIK360\",\"isPartOf\":{\"@id\":\"https:\/\/publik360.com\/#website\"},\"datePublished\":\"2022-10-17T03:42:47+00:00\",\"dateModified\":\"2023-01-26T19:22:01+00:00\",\"breadcrumb\":{\"@id\":\"https:\/\/publik360.com\/index.php\/mision\/#breadcrumb\"},\"inLanguage\":\"es\",\"potentialAction\":[{\"@type\":\"ReadAction\",\"target\":[\"https:\/\/publik360.com\/index.php\/mision\/\"]}]},{\"@type\":\"BreadcrumbList\",\"@id\":\"https:\/\/publik360.com\/index.php\/mision\/#breadcrumb\",\"itemListElement\":[{\"@type\":\"ListItem\",\"position\":1,\"name\":\"Inicio\",\"item\":\"https:\/\/publik360.com\/\"},{\"@type\":\"ListItem\",\"position\":2,\"name\":\"Misi\u00f3n\"}]},{\"@type\":\"WebSite\",\"@id\":\"https:\/\/publik360.com\/#website\",\"url\":\"https:\/\/publik360.com\/\",\"name\":\"PUBLIK360\",\"description\":\"DIGITAL MEDIA\",\"publisher\":{\"@id\":\"https:\/\/publik360.com\/#organization\"},\"potentialAction\":[{\"@type\":\"SearchAction\",\"target\":{\"@type\":\"EntryPoint\",\"urlTemplate\":\"https:\/\/publik360.com\/?s={search_term_string}\"},\"query-input\":\"required name=search_term_string\"}],\"inLanguage\":\"es\"},{\"@type\":\"Organization\",\"@id\":\"https:\/\/publik360.com\/#organization\",\"name\":\"PUBLIK360\",\"url\":\"https:\/\/publik360.com\/\",\"logo\":{\"@type\":\"ImageObject\",\"inLanguage\":\"es\",\"@id\":\"https:\/\/publik360.com\/#\/schema\/logo\/image\/\",\"url\":\"https:\/\/publik360.com\/wp-content\/uploads\/2022\/10\/logo-512.png\",\"contentUrl\":\"https:\/\/publik360.com\/wp-content\/uploads\/2022\/10\/logo-512.png\",\"width\":512,\"height\":512,\"caption\":\"PUBLIK360\"},\"image\":{\"@id\":\"https:\/\/publik360.com\/#\/schema\/logo\/image\/\"},\"sameAs\":[\"https:\/\/www.facebook.com\/publik360mx\",\"https:\/\/www.instagram.com\/publik360mx\"]}]}<\/script>\n<!-- \/ Yoast SEO plugin. -->","yoast_head_json":{"title":"Misi\u00f3n - PUBLIK360","robots":{"index":"index","follow":"follow","max-snippet":"max-snippet:-1","max-image-preview":"max-image-preview:large","max-video-preview":"max-video-preview:-1"},"canonical":"https:\/\/publik360.com\/index.php\/mision\/","og_locale":"es_MX","og_type":"article","og_title":"Misi\u00f3n - PUBLIK360","og_description":"Publik360 tiene como misi\u00f3n acompa\u00f1ar a nuestros clientes a lograr los objetivos establecidos en sus metas.","og_url":"https:\/\/publik360.com\/index.php\/mision\/","og_site_name":"PUBLIK360","article_publisher":"https:\/\/www.facebook.com\/publik360mx","article_modified_time":"2023-01-26T19:22:01+00:00","og_image":[{"width":1640,"height":924,"url":"https:\/\/publik360.com\/wp-content\/uploads\/2022\/10\/245538077_442600513899174_197977845091791742_n.jpeg","type":"image\/jpeg"}],"twitter_card":"summary_large_image","schema":{"@context":"https:\/\/schema.org","@graph":[{"@type":"WebPage","@id":"https:\/\/publik360.com\/index.php\/mision\/","url":"https:\/\/publik360.com\/index.php\/mision\/","name":"Misi\u00f3n - PUBLIK360","isPartOf":{"@id":"https:\/\/publik360.com\/#website"},"datePublished":"2022-10-17T03:42:47+00:00","dateModified":"2023-01-26T19:22:01+00:00","breadcrumb":{"@id":"https:\/\/publik360.com\/index.php\/mision\/#breadcrumb"},"inLanguage":"es","potentialAction":[{"@type":"ReadAction","target":["https:\/\/publik360.com\/index.php\/mision\/"]}]},{"@type":"BreadcrumbList","@id":"https:\/\/publik360.com\/index.php\/mision\/#breadcrumb","itemListElement":[{"@type":"ListItem","position":1,"name":"Inicio","item":"https:\/\/publik360.com\/"},{"@type":"ListItem","position":2,"name":"Misi\u00f3n"}]},{"@type":"WebSite","@id":"https:\/\/publik360.com\/#website","url":"https:\/\/publik360.com\/","name":"PUBLIK360","description":"DIGITAL MEDIA","publisher":{"@id":"https:\/\/publik360.com\/#organization"},"potentialAction":[{"@type":"SearchAction","target":{"@type":"EntryPoint","urlTemplate":"https:\/\/publik360.com\/?s={search_term_string}"},"query-input":"required name=search_term_string"}],"inLanguage":"es"},{"@type":"Organization","@id":"https:\/\/publik360.com\/#organization","name":"PUBLIK360","url":"https:\/\/publik360.com\/","logo":{"@type":"ImageObject","inLanguage":"es","@id":"https:\/\/publik360.com\/#\/schema\/logo\/image\/","url":"https:\/\/publik360.com\/wp-content\/uploads\/2022\/10\/logo-512.png","contentUrl":"https:\/\/publik360.com\/wp-content\/uploads\/2022\/10\/logo-512.png","width":512,"height":512,"caption":"PUBLIK360"},"image":{"@id":"https:\/\/publik360.com\/#\/schema\/logo\/image\/"},"sameAs":["https:\/\/www.facebook.com\/publik360mx","https:\/\/www.instagram.com\/publik360mx"]}]}},"_links":{"self":[{"href":"https:\/\/publik360.com\/index.php\/wp-json\/wp\/v2\/pages\/26","targetHints":{"allow":["GET"]}}],"collection":[{"href":"https:\/\/publik360.com\/index.php\/wp-json\/wp\/v2\/pages"}],"about":[{"href":"https:\/\/publik360.com\/index.php\/wp-json\/wp\/v2\/types\/page"}],"author":[{"embeddable":true,"href":"https:\/\/publik360.com\/index.php\/wp-json\/wp\/v2\/users\/1"}],"replies":[{"embeddable":true,"href":"https:\/\/publik360.com\/index.php\/wp-json\/wp\/v2\/comments?post=26"}],"version-history":[{"count":8,"href":"https:\/\/publik360.com\/index.php\/wp-json\/wp\/v2\/pages\/26\/revisions"}],"predecessor-version":[{"id":262,"href":"https:\/\/publik360.com\/index.php\/wp-json\/wp\/v2\/pages\/26\/revisions\/262"}],"wp:featuredmedia":[{"embeddable":true,"href":"https:\/\/publik360.com\/index.php\/wp-json\/wp\/v2\/media\/53"}],"wp:attachment":[{"href":"https:\/\/publik360.com\/index.php\/wp-json\/wp\/v2\/media?parent=26"}],"curies":[{"name":"wp","href":"https:\/\/api.w.org\/{rel}","templated":true}]}}