{"id":28,"date":"2022-10-17T03:42:47","date_gmt":"2022-10-17T03:42:47","guid":{"rendered":"https:\/\/publik360.com\/?page_id=28"},"modified":"2023-01-26T19:28:26","modified_gmt":"2023-01-26T19:28:26","slug":"valores","status":"publish","type":"page","link":"https:\/\/publik360.com\/index.php\/valores\/","title":{"rendered":"Valores"},"content":{"rendered":"\n<p class=\"has-text-align-left has-medium-font-size\">\u25cf <strong>Honestidad.<\/strong> Siempre mantener un canal de comunicaci\u00f3n abierto y directo con nuestros clientes. Siendo lo m\u00e1s transparentes en todas las actividades a realizar.&nbsp;<\/p>\n\n\n\n<p class=\"has-text-align-left has-medium-font-size\">\u25cf <strong>Escucha.<\/strong> Para nosotros es primordial escuchar y atender las necesidades de todos nuestros clientes.<\/p>\n\n\n\n<p class=\"has-text-align-left has-medium-font-size\">\u25cf <strong>Responsabilidad.<\/strong> Cumplir en tiempo y forma con los acuerdos establecidos al inicio de la relaci\u00f3n laboral.&nbsp;<\/p>\n\n\n\n<p class=\"has-text-align-left has-medium-font-size\">\u25cf <strong>Lealtad.<\/strong> Cada uno de nuestros clientes representa un lazo que se construye gracias a la lealtad que les brindamos desde el inicio de nuestra relaci\u00f3n laboral.<\/p>\n\n\n\n<p class=\"has-text-align-left has-medium-font-size\">\u25cf <strong>Diferencia.<\/strong> Publik360 est\u00e1 constantemente prepar\u00e1ndose para los nuevos cambios en la era digital.As\u00ed podemos aportar a nuestros clientes ideas innovadoras, estrategias actuales y flujos de trabajo adecuados a las demandas del mercado actual.<\/p>\n\n\n\n<figure class=\"wp-block-image size-full is-style-rounded\"><img loading=\"lazy\" decoding=\"async\" width=\"907\" height=\"592\" src=\"https:\/\/publik360.com\/wp-content\/uploads\/2022\/10\/Screen-Shot-2022-10-18-at-3.40.06-PM.png\" alt=\"\" class=\"wp-image-60\" srcset=\"https:\/\/publik360.com\/wp-content\/uploads\/2022\/10\/Screen-Shot-2022-10-18-at-3.40.06-PM.png 907w, https:\/\/publik360.com\/wp-content\/uploads\/2022\/10\/Screen-Shot-2022-10-18-at-3.40.06-PM-300x196.png 300w, https:\/\/publik360.com\/wp-content\/uploads\/2022\/10\/Screen-Shot-2022-10-18-at-3.40.06-PM-768x501.png 768w\" sizes=\"auto, (max-width: 907px) 100vw, 907px\" \/><\/figure>\n","protected":false},"excerpt":{"rendered":"<p>\u25cf Honestidad. Siempre mantener un canal de comunicaci\u00f3n abierto y directo con nuestros clientes. Siendo lo m\u00e1s transparentes en todas las actividades a realizar.&nbsp; \u25cf Escucha. Para nosotros es primordial escuchar y atender las necesidades de todos nuestros clientes. \u25cf Responsabilidad. Cumplir en tiempo y forma con los acuerdos establecidos al inicio de la relaci\u00f3n &hellip; <\/p>\n<p class=\"link-more\"><a href=\"https:\/\/publik360.com\/index.php\/valores\/\" class=\"more-link\">Leer m\u00e1s<span class=\"screen-reader-text\"> \u00abValores\u00bb<\/span><\/a><\/p>\n","protected":false},"author":1,"featured_media":53,"parent":0,"menu_order":0,"comment_status":"closed","ping_status":"closed","template":"","meta":{"footnotes":""},"class_list":["post-28","page","type-page","status-publish","has-post-thumbnail","hentry"],"yoast_head":"<!-- This site is optimized with the Yoast SEO plugin v20.1 - https:\/\/yoast.com\/wordpress\/plugins\/seo\/ -->\n<title>Valores - PUBLIK360<\/title>\n<meta name=\"robots\" content=\"index, follow, max-snippet:-1, max-image-preview:large, max-video-preview:-1\" \/>\n<link rel=\"canonical\" href=\"https:\/\/publik360.com\/index.php\/valores\/\" \/>\n<meta property=\"og:locale\" content=\"es_MX\" \/>\n<meta property=\"og:type\" content=\"article\" \/>\n<meta property=\"og:title\" content=\"Valores - PUBLIK360\" \/>\n<meta property=\"og:description\" content=\"\u25cf Honestidad. Siempre mantener un canal de comunicaci\u00f3n abierto y directo con nuestros clientes. Siendo lo m\u00e1s transparentes en todas las actividades a realizar.&nbsp; \u25cf Escucha. Para nosotros es primordial escuchar y atender las necesidades de todos nuestros clientes. \u25cf Responsabilidad. Cumplir en tiempo y forma con los acuerdos establecidos al inicio de la relaci\u00f3n &hellip; Leer m\u00e1s \u00abValores\u00bb\" \/>\n<meta property=\"og:url\" content=\"https:\/\/publik360.com\/index.php\/valores\/\" \/>\n<meta property=\"og:site_name\" content=\"PUBLIK360\" \/>\n<meta property=\"article:publisher\" content=\"https:\/\/www.facebook.com\/publik360mx\" \/>\n<meta property=\"article:modified_time\" content=\"2023-01-26T19:28:26+00:00\" \/>\n<meta property=\"og:image\" content=\"https:\/\/publik360.com\/wp-content\/uploads\/2022\/10\/245538077_442600513899174_197977845091791742_n.jpeg\" \/>\n\t<meta property=\"og:image:width\" content=\"1640\" \/>\n\t<meta property=\"og:image:height\" content=\"924\" \/>\n\t<meta property=\"og:image:type\" content=\"image\/jpeg\" \/>\n<meta name=\"twitter:card\" content=\"summary_large_image\" \/>\n<meta name=\"twitter:label1\" content=\"Tiempo de lectura\" \/>\n\t<meta name=\"twitter:data1\" content=\"1 minuto\" \/>\n<script type=\"application\/ld+json\" class=\"yoast-schema-graph\">{\"@context\":\"https:\/\/schema.org\",\"@graph\":[{\"@type\":\"WebPage\",\"@id\":\"https:\/\/publik360.com\/index.php\/valores\/\",\"url\":\"https:\/\/publik360.com\/index.php\/valores\/\",\"name\":\"Valores - PUBLIK360\",\"isPartOf\":{\"@id\":\"https:\/\/publik360.com\/#website\"},\"datePublished\":\"2022-10-17T03:42:47+00:00\",\"dateModified\":\"2023-01-26T19:28:26+00:00\",\"breadcrumb\":{\"@id\":\"https:\/\/publik360.com\/index.php\/valores\/#breadcrumb\"},\"inLanguage\":\"es\",\"potentialAction\":[{\"@type\":\"ReadAction\",\"target\":[\"https:\/\/publik360.com\/index.php\/valores\/\"]}]},{\"@type\":\"BreadcrumbList\",\"@id\":\"https:\/\/publik360.com\/index.php\/valores\/#breadcrumb\",\"itemListElement\":[{\"@type\":\"ListItem\",\"position\":1,\"name\":\"Inicio\",\"item\":\"https:\/\/publik360.com\/\"},{\"@type\":\"ListItem\",\"position\":2,\"name\":\"Valores\"}]},{\"@type\":\"WebSite\",\"@id\":\"https:\/\/publik360.com\/#website\",\"url\":\"https:\/\/publik360.com\/\",\"name\":\"PUBLIK360\",\"description\":\"DIGITAL MEDIA\",\"publisher\":{\"@id\":\"https:\/\/publik360.com\/#organization\"},\"potentialAction\":[{\"@type\":\"SearchAction\",\"target\":{\"@type\":\"EntryPoint\",\"urlTemplate\":\"https:\/\/publik360.com\/?s={search_term_string}\"},\"query-input\":\"required name=search_term_string\"}],\"inLanguage\":\"es\"},{\"@type\":\"Organization\",\"@id\":\"https:\/\/publik360.com\/#organization\",\"name\":\"PUBLIK360\",\"url\":\"https:\/\/publik360.com\/\",\"logo\":{\"@type\":\"ImageObject\",\"inLanguage\":\"es\",\"@id\":\"https:\/\/publik360.com\/#\/schema\/logo\/image\/\",\"url\":\"https:\/\/publik360.com\/wp-content\/uploads\/2022\/10\/logo-512.png\",\"contentUrl\":\"https:\/\/publik360.com\/wp-content\/uploads\/2022\/10\/logo-512.png\",\"width\":512,\"height\":512,\"caption\":\"PUBLIK360\"},\"image\":{\"@id\":\"https:\/\/publik360.com\/#\/schema\/logo\/image\/\"},\"sameAs\":[\"https:\/\/www.facebook.com\/publik360mx\",\"https:\/\/www.instagram.com\/publik360mx\"]}]}<\/script>\n<!-- \/ Yoast SEO plugin. -->","yoast_head_json":{"title":"Valores - PUBLIK360","robots":{"index":"index","follow":"follow","max-snippet":"max-snippet:-1","max-image-preview":"max-image-preview:large","max-video-preview":"max-video-preview:-1"},"canonical":"https:\/\/publik360.com\/index.php\/valores\/","og_locale":"es_MX","og_type":"article","og_title":"Valores - PUBLIK360","og_description":"\u25cf Honestidad. Siempre mantener un canal de comunicaci\u00f3n abierto y directo con nuestros clientes. Siendo lo m\u00e1s transparentes en todas las actividades a realizar.&nbsp; \u25cf Escucha. Para nosotros es primordial escuchar y atender las necesidades de todos nuestros clientes. \u25cf Responsabilidad. Cumplir en tiempo y forma con los acuerdos establecidos al inicio de la relaci\u00f3n &hellip; Leer m\u00e1s \u00abValores\u00bb","og_url":"https:\/\/publik360.com\/index.php\/valores\/","og_site_name":"PUBLIK360","article_publisher":"https:\/\/www.facebook.com\/publik360mx","article_modified_time":"2023-01-26T19:28:26+00:00","og_image":[{"width":1640,"height":924,"url":"https:\/\/publik360.com\/wp-content\/uploads\/2022\/10\/245538077_442600513899174_197977845091791742_n.jpeg","type":"image\/jpeg"}],"twitter_card":"summary_large_image","twitter_misc":{"Tiempo de lectura":"1 minuto"},"schema":{"@context":"https:\/\/schema.org","@graph":[{"@type":"WebPage","@id":"https:\/\/publik360.com\/index.php\/valores\/","url":"https:\/\/publik360.com\/index.php\/valores\/","name":"Valores - PUBLIK360","isPartOf":{"@id":"https:\/\/publik360.com\/#website"},"datePublished":"2022-10-17T03:42:47+00:00","dateModified":"2023-01-26T19:28:26+00:00","breadcrumb":{"@id":"https:\/\/publik360.com\/index.php\/valores\/#breadcrumb"},"inLanguage":"es","potentialAction":[{"@type":"ReadAction","target":["https:\/\/publik360.com\/index.php\/valores\/"]}]},{"@type":"BreadcrumbList","@id":"https:\/\/publik360.com\/index.php\/valores\/#breadcrumb","itemListElement":[{"@type":"ListItem","position":1,"name":"Inicio","item":"https:\/\/publik360.com\/"},{"@type":"ListItem","position":2,"name":"Valores"}]},{"@type":"WebSite","@id":"https:\/\/publik360.com\/#website","url":"https:\/\/publik360.com\/","name":"PUBLIK360","description":"DIGITAL MEDIA","publisher":{"@id":"https:\/\/publik360.com\/#organization"},"potentialAction":[{"@type":"SearchAction","target":{"@type":"EntryPoint","urlTemplate":"https:\/\/publik360.com\/?s={search_term_string}"},"query-input":"required name=search_term_string"}],"inLanguage":"es"},{"@type":"Organization","@id":"https:\/\/publik360.com\/#organization","name":"PUBLIK360","url":"https:\/\/publik360.com\/","logo":{"@type":"ImageObject","inLanguage":"es","@id":"https:\/\/publik360.com\/#\/schema\/logo\/image\/","url":"https:\/\/publik360.com\/wp-content\/uploads\/2022\/10\/logo-512.png","contentUrl":"https:\/\/publik360.com\/wp-content\/uploads\/2022\/10\/logo-512.png","width":512,"height":512,"caption":"PUBLIK360"},"image":{"@id":"https:\/\/publik360.com\/#\/schema\/logo\/image\/"},"sameAs":["https:\/\/www.facebook.com\/publik360mx","https:\/\/www.instagram.com\/publik360mx"]}]}},"_links":{"self":[{"href":"https:\/\/publik360.com\/index.php\/wp-json\/wp\/v2\/pages\/28","targetHints":{"allow":["GET"]}}],"collection":[{"href":"https:\/\/publik360.com\/index.php\/wp-json\/wp\/v2\/pages"}],"about":[{"href":"https:\/\/publik360.com\/index.php\/wp-json\/wp\/v2\/types\/page"}],"author":[{"embeddable":true,"href":"https:\/\/publik360.com\/index.php\/wp-json\/wp\/v2\/users\/1"}],"replies":[{"embeddable":true,"href":"https:\/\/publik360.com\/index.php\/wp-json\/wp\/v2\/comments?post=28"}],"version-history":[{"count":6,"href":"https:\/\/publik360.com\/index.php\/wp-json\/wp\/v2\/pages\/28\/revisions"}],"predecessor-version":[{"id":267,"href":"https:\/\/publik360.com\/index.php\/wp-json\/wp\/v2\/pages\/28\/revisions\/267"}],"wp:featuredmedia":[{"embeddable":true,"href":"https:\/\/publik360.com\/index.php\/wp-json\/wp\/v2\/media\/53"}],"wp:attachment":[{"href":"https:\/\/publik360.com\/index.php\/wp-json\/wp\/v2\/media?parent=28"}],"curies":[{"name":"wp","href":"https:\/\/api.w.org\/{rel}","templated":true}]}}