{"id":9,"date":"2022-10-17T03:40:23","date_gmt":"2022-10-17T03:40:23","guid":{"rendered":"https:\/\/publik360.com\/?page_id=9"},"modified":"2023-01-30T19:23:40","modified_gmt":"2023-01-30T19:23:40","slug":"inicio","status":"publish","type":"page","link":"https:\/\/publik360.com\/","title":{"rendered":"Estrategas de Publicidad y Productores Audiovisuales enfocados al Marketing Digital Integral."},"content":{"rendered":"\n<div class=\"wp-block-group alignfull has-background\" style=\"background-color:#e5e9ec\"><div class=\"wp-block-group__inner-container is-layout-flow wp-block-group-is-layout-flow\">\n<div class=\"wp-block-columns is-layout-flex wp-container-core-columns-is-layout-9d6595d7 wp-block-columns-is-layout-flex\">\n<div class=\"wp-block-column is-vertically-aligned-center is-layout-flow wp-block-column-is-layout-flow\">\n<h2 class=\"has-x-large-font-size wp-block-heading\"><strong>PUBLIK360<\/strong><\/h2>\n\n\n\n<p><strong>Establecidos en Monterrey, con m\u00e1s de 15 a\u00f1os de experiencia en el medio de producci\u00f3n audiovisual y publicidad.&nbsp;<\/strong><\/p>\n\n\n\n<p><strong>Creando proyectos para M\u00e9xico y Latinoam\u00e9rica.<\/strong><\/p>\n\n\n\n<p><strong>Adaptables, proactivos y comprometidos con todos nuestros proyectos.<\/strong><\/p>\n\n\n\n<div class=\"wp-block-buttons is-horizontal is-content-justification-left is-layout-flex wp-container-core-buttons-is-layout-7e5fce0a wp-block-buttons-is-layout-flex\">\n<div class=\"wp-block-button is-style-outline is-style-outline--1\"><a class=\"wp-block-button__link wp-element-button\" href=\"https:\/\/publik360.com\/index.php\/acerca-de\/\">ACERCA DE<\/a><\/div>\n<\/div>\n\n\n\n<p><\/p>\n<\/div>\n\n\n\n<div class=\"wp-block-column is-layout-flow wp-block-column-is-layout-flow\">\n<div style=\"height:48px\" aria-hidden=\"true\" class=\"wp-block-spacer\"><\/div>\n\n\n\n<figure class=\"wp-block-image size-full\"><img loading=\"lazy\" decoding=\"async\" width=\"971\" height=\"646\" src=\"https:\/\/publik360.com\/wp-content\/uploads\/2022\/10\/Screen-Shot-2022-10-24-at-12.46.09-PM.png\" alt=\"\" class=\"wp-image-190\" srcset=\"https:\/\/publik360.com\/wp-content\/uploads\/2022\/10\/Screen-Shot-2022-10-24-at-12.46.09-PM.png 971w, https:\/\/publik360.com\/wp-content\/uploads\/2022\/10\/Screen-Shot-2022-10-24-at-12.46.09-PM-300x200.png 300w, https:\/\/publik360.com\/wp-content\/uploads\/2022\/10\/Screen-Shot-2022-10-24-at-12.46.09-PM-768x511.png 768w\" sizes=\"auto, (max-width: 971px) 100vw, 971px\" \/><\/figure>\n<\/div>\n<\/div>\n<\/div><\/div>\n\n\n\n<div class=\"wp-block-group alignfull\"><div class=\"wp-block-group__inner-container is-layout-flow wp-block-group-is-layout-flow\">\n<div class=\"wp-block-columns are-vertically-aligned-center is-layout-flex wp-container-core-columns-is-layout-9d6595d7 wp-block-columns-is-layout-flex\">\n<div class=\"wp-block-column is-vertically-aligned-center is-layout-flow wp-block-column-is-layout-flow\">\n<div style=\"height:48px\" aria-hidden=\"true\" class=\"wp-block-spacer\"><\/div>\n\n\n\n<figure class=\"wp-block-image size-full\"><img loading=\"lazy\" decoding=\"async\" width=\"657\" height=\"618\" src=\"https:\/\/publik360.com\/wp-content\/uploads\/2022\/10\/Screen-Shot-2022-10-18-at-3.57.23-PM.png\" alt=\"\" class=\"wp-image-68\" srcset=\"https:\/\/publik360.com\/wp-content\/uploads\/2022\/10\/Screen-Shot-2022-10-18-at-3.57.23-PM.png 657w, https:\/\/publik360.com\/wp-content\/uploads\/2022\/10\/Screen-Shot-2022-10-18-at-3.57.23-PM-300x282.png 300w\" sizes=\"auto, (max-width: 657px) 100vw, 657px\" \/><\/figure>\n<\/div>\n\n\n\n<div class=\"wp-block-column is-vertically-aligned-center is-layout-flow wp-block-column-is-layout-flow\">\n<h2 class=\"has-black-color has-text-color has-x-large-font-size wp-block-heading\"><strong>Servicios<\/strong><\/h2>\n\n\n\n<p><strong>Somos una empresa dedicada a resolver necesidades en 360 grados.<\/strong><\/p>\n\n\n\n<p><strong>Dedicados a crear y producir el contenido para campa\u00f1as publicitarias en las plataformas digitales.<\/strong><\/p>\n\n\n\n<p><strong>Creamos ideas que llevamos a cabo bajo un plan estrat\u00e9gico, con objetivos definidos, adaptado a cada cliente<\/strong>.<\/p>\n\n\n\n<div class=\"wp-block-buttons is-layout-flex wp-block-buttons-is-layout-flex\">\n<div class=\"wp-block-button has-custom-width wp-block-button__width-50 is-style-outline is-style-outline--2\"><a class=\"wp-block-button__link wp-element-button\" href=\"https:\/\/publik360.com\/index.php\/servicios\/\">CONOCE M\u00c1S<\/a><\/div>\n<\/div>\n<\/div>\n<\/div>\n<\/div><\/div>\n\n\n\n<div class=\"wp-block-group alignfull has-black-background-color has-background\"><div class=\"wp-block-group__inner-container is-layout-flow wp-block-group-is-layout-flow\">\n<h2 class=\"has-text-align-center has-white-color has-text-color wp-block-heading\"><strong>Galer\u00eda de Proyectos<\/strong><\/h2>\n\n\n\n<figure class=\"wp-block-gallery aligncenter has-nested-images columns-default is-cropped wp-block-gallery-3 is-layout-flex wp-block-gallery-is-layout-flex\">\n<figure class=\"wp-block-image size-full\"><img loading=\"lazy\" decoding=\"async\" width=\"800\" height=\"500\" data-id=\"205\" src=\"https:\/\/publik360.com\/wp-content\/uploads\/2023\/01\/1.png\" alt=\"\" class=\"wp-image-205\" srcset=\"https:\/\/publik360.com\/wp-content\/uploads\/2023\/01\/1.png 800w, https:\/\/publik360.com\/wp-content\/uploads\/2023\/01\/1-300x188.png 300w, https:\/\/publik360.com\/wp-content\/uploads\/2023\/01\/1-768x480.png 768w\" sizes=\"auto, (max-width: 800px) 100vw, 800px\" \/><\/figure>\n\n\n\n<figure class=\"wp-block-image size-full\"><img loading=\"lazy\" decoding=\"async\" width=\"800\" height=\"500\" data-id=\"206\" src=\"https:\/\/publik360.com\/wp-content\/uploads\/2023\/01\/2.png\" alt=\"\" class=\"wp-image-206\" srcset=\"https:\/\/publik360.com\/wp-content\/uploads\/2023\/01\/2.png 800w, https:\/\/publik360.com\/wp-content\/uploads\/2023\/01\/2-300x188.png 300w, https:\/\/publik360.com\/wp-content\/uploads\/2023\/01\/2-768x480.png 768w\" sizes=\"auto, (max-width: 800px) 100vw, 800px\" \/><\/figure>\n\n\n\n<figure class=\"wp-block-image size-full\"><img loading=\"lazy\" decoding=\"async\" width=\"800\" height=\"500\" data-id=\"214\" src=\"https:\/\/publik360.com\/wp-content\/uploads\/2023\/01\/9.png\" alt=\"\" class=\"wp-image-214\" srcset=\"https:\/\/publik360.com\/wp-content\/uploads\/2023\/01\/9.png 800w, https:\/\/publik360.com\/wp-content\/uploads\/2023\/01\/9-300x188.png 300w, https:\/\/publik360.com\/wp-content\/uploads\/2023\/01\/9-768x480.png 768w\" sizes=\"auto, (max-width: 800px) 100vw, 800px\" \/><\/figure>\n\n\n\n<figure class=\"wp-block-image size-full\"><img loading=\"lazy\" decoding=\"async\" width=\"800\" height=\"500\" data-id=\"207\" src=\"https:\/\/publik360.com\/wp-content\/uploads\/2023\/01\/3.png\" alt=\"\" class=\"wp-image-207\" srcset=\"https:\/\/publik360.com\/wp-content\/uploads\/2023\/01\/3.png 800w, https:\/\/publik360.com\/wp-content\/uploads\/2023\/01\/3-300x188.png 300w, https:\/\/publik360.com\/wp-content\/uploads\/2023\/01\/3-768x480.png 768w\" sizes=\"auto, (max-width: 800px) 100vw, 800px\" \/><\/figure>\n\n\n\n<figure class=\"wp-block-image size-full\"><img loading=\"lazy\" decoding=\"async\" width=\"800\" height=\"500\" data-id=\"212\" src=\"https:\/\/publik360.com\/wp-content\/uploads\/2023\/01\/7.png\" alt=\"\" class=\"wp-image-212\" srcset=\"https:\/\/publik360.com\/wp-content\/uploads\/2023\/01\/7.png 800w, https:\/\/publik360.com\/wp-content\/uploads\/2023\/01\/7-300x188.png 300w, https:\/\/publik360.com\/wp-content\/uploads\/2023\/01\/7-768x480.png 768w\" sizes=\"auto, (max-width: 800px) 100vw, 800px\" \/><\/figure>\n\n\n\n<figure class=\"wp-block-image size-full\"><img loading=\"lazy\" decoding=\"async\" width=\"800\" height=\"500\" data-id=\"210\" src=\"https:\/\/publik360.com\/wp-content\/uploads\/2023\/01\/5.png\" alt=\"\" class=\"wp-image-210\" srcset=\"https:\/\/publik360.com\/wp-content\/uploads\/2023\/01\/5.png 800w, https:\/\/publik360.com\/wp-content\/uploads\/2023\/01\/5-300x188.png 300w, https:\/\/publik360.com\/wp-content\/uploads\/2023\/01\/5-768x480.png 768w\" sizes=\"auto, (max-width: 800px) 100vw, 800px\" \/><\/figure>\n<\/figure>\n<\/div><\/div>\n\n\n\n<div class=\"wp-block-cover alignfull is-light has-parallax is-position-center-center\" style=\"min-height:375px;aspect-ratio:unset;\"><span aria-hidden=\"true\" class=\"wp-block-cover__background has-black-background-color has-background-dim-40 has-background-dim\"><\/span><div role=\"img\" class=\"wp-block-cover__image-background wp-image-53 has-parallax\" style=\"background-position:50% 50%;background-image:url(https:\/\/publik360.com\/wp-content\/uploads\/2022\/10\/245538077_442600513899174_197977845091791742_n.jpeg)\"><\/div><div class=\"wp-block-cover__inner-container is-layout-flow wp-block-cover-is-layout-flow\">\n<p class=\"has-text-align-center has-text-color\" style=\"color:#fffffa;font-size:50px;line-height:1.1\"><strong>COTIZA TU PROYECTO HOY<\/strong><\/p>\n\n\n\n<p class=\"has-text-align-center has-white-color has-text-color has-large-font-size\">\u00a1<strong>Estamos listos para atenderte<\/strong>!<strong> <\/strong><\/p>\n\n\n\n<p class=\"has-text-align-center has-white-color has-text-color has-medium-font-size\"><strong>Env\u00eda tu informaci\u00f3n y en breve nuestro equipo se pondr\u00e1 en contacto contigo.<\/strong><\/p>\n\n\n\n<div style=\"height:39px\" aria-hidden=\"true\" class=\"wp-block-spacer\"><\/div>\n\n\n\n<div class=\"wp-block-buttons is-horizontal is-content-justification-center is-layout-flex wp-container-core-buttons-is-layout-499968f5 wp-block-buttons-is-layout-flex\">\n<div class=\"wp-block-button is-style-outline is-style-outline--4\"><a class=\"wp-block-button__link has-white-color has-text-color wp-element-button\" href=\"https:\/\/publik360.com\/index.php\/contacto\/\">CONT\u00e1ctanos<\/a><\/div>\n<\/div>\n<\/div><\/div>\n","protected":false},"excerpt":{"rendered":"<p>PUBLIK360 Establecidos en Monterrey, con m\u00e1s de 15 a\u00f1os de experiencia en el medio de producci\u00f3n audiovisual y publicidad.&nbsp; Creando proyectos para M\u00e9xico y Latinoam\u00e9rica. Adaptables, proactivos y comprometidos con todos nuestros proyectos. Servicios Somos una empresa dedicada a resolver necesidades en 360 grados. Dedicados a crear y producir el contenido para campa\u00f1as publicitarias en &hellip; <\/p>\n<p class=\"link-more\"><a href=\"https:\/\/publik360.com\/\" class=\"more-link\">Leer m\u00e1s<span class=\"screen-reader-text\"> \u00abEstrategas de Publicidad y Productores Audiovisuales enfocados al Marketing Digital Integral.\u00bb<\/span><\/a><\/p>\n","protected":false},"author":1,"featured_media":68,"parent":0,"menu_order":0,"comment_status":"closed","ping_status":"closed","template":"","meta":{"footnotes":""},"class_list":["post-9","page","type-page","status-publish","has-post-thumbnail","hentry"],"yoast_head":"<!-- This site is optimized with the Yoast SEO plugin v20.1 - https:\/\/yoast.com\/wordpress\/plugins\/seo\/ -->\n<title>Estrategas de Publicidad y Productores Audiovisuales enfocados al Marketing Digital Integral. - PUBLIK360<\/title>\n<meta name=\"description\" content=\"Establecidos en Monterrey, con m\u00e1s de 15 a\u00f1os de experiencia en el medio de producci\u00f3n audiovisual y publicidad.\" \/>\n<meta name=\"robots\" content=\"index, follow, max-snippet:-1, max-image-preview:large, max-video-preview:-1\" \/>\n<link rel=\"canonical\" href=\"https:\/\/publik360.com\/\" \/>\n<meta property=\"og:locale\" content=\"es_MX\" \/>\n<meta property=\"og:type\" content=\"article\" \/>\n<meta property=\"og:title\" content=\"DIGITAL MARKETING &amp; AUDIOVISUAL PRODUCTION\" \/>\n<meta property=\"og:description\" content=\"Estrategas de Publicidad y Productores Audiovisuales enfocados al Marketing Digital Integral.\" \/>\n<meta property=\"og:url\" content=\"https:\/\/publik360.com\/\" \/>\n<meta property=\"og:site_name\" content=\"PUBLIK360\" \/>\n<meta property=\"article:publisher\" content=\"https:\/\/www.facebook.com\/publik360mx\" \/>\n<meta property=\"article:modified_time\" content=\"2023-01-30T19:23:40+00:00\" \/>\n<meta property=\"og:image\" content=\"https:\/\/publik360.com\/wp-content\/uploads\/2023\/01\/Screen-Shot-2023-01-27-at-4.40.24-PM.png\" \/>\n\t<meta property=\"og:image:width\" content=\"857\" \/>\n\t<meta property=\"og:image:height\" content=\"550\" \/>\n\t<meta property=\"og:image:type\" content=\"image\/png\" \/>\n<meta name=\"twitter:card\" content=\"summary_large_image\" \/>\n<meta name=\"twitter:title\" content=\"DIGITAL MARKETING &amp; AUDIOVISUAL PRODUCTION\" \/>\n<meta name=\"twitter:description\" content=\"Estrategas de Publicidad y Productores Audiovisuales enfocados al Marketing Digital Integral.\" \/>\n<meta name=\"twitter:image\" content=\"https:\/\/publik360.com\/wp-content\/uploads\/2023\/01\/Screen-Shot-2023-01-27-at-4.40.24-PM.png\" \/>\n<meta name=\"twitter:label1\" content=\"Tiempo de lectura\" \/>\n\t<meta name=\"twitter:data1\" content=\"3 minutos\" \/>\n<script type=\"application\/ld+json\" class=\"yoast-schema-graph\">{\"@context\":\"https:\/\/schema.org\",\"@graph\":[{\"@type\":\"WebPage\",\"@id\":\"https:\/\/publik360.com\/\",\"url\":\"https:\/\/publik360.com\/\",\"name\":\"Estrategas de Publicidad y Productores Audiovisuales enfocados al Marketing Digital Integral. - PUBLIK360\",\"isPartOf\":{\"@id\":\"https:\/\/publik360.com\/#website\"},\"datePublished\":\"2022-10-17T03:40:23+00:00\",\"dateModified\":\"2023-01-30T19:23:40+00:00\",\"description\":\"Establecidos en Monterrey, con m\u00e1s de 15 a\u00f1os de experiencia en el medio de producci\u00f3n audiovisual y publicidad.\",\"breadcrumb\":{\"@id\":\"https:\/\/publik360.com\/#breadcrumb\"},\"inLanguage\":\"es\",\"potentialAction\":[{\"@type\":\"ReadAction\",\"target\":[\"https:\/\/publik360.com\/\"]}]},{\"@type\":\"BreadcrumbList\",\"@id\":\"https:\/\/publik360.com\/#breadcrumb\",\"itemListElement\":[{\"@type\":\"ListItem\",\"position\":1,\"name\":\"Inicio\",\"item\":\"https:\/\/publik360.com\/\"},{\"@type\":\"ListItem\",\"position\":2,\"name\":\"Estrategas de Publicidad y Productores Audiovisuales enfocados al Marketing Digital Integral.\"}]},{\"@type\":\"WebSite\",\"@id\":\"https:\/\/publik360.com\/#website\",\"url\":\"https:\/\/publik360.com\/\",\"name\":\"PUBLIK360\",\"description\":\"DIGITAL MEDIA\",\"publisher\":{\"@id\":\"https:\/\/publik360.com\/#organization\"},\"potentialAction\":[{\"@type\":\"SearchAction\",\"target\":{\"@type\":\"EntryPoint\",\"urlTemplate\":\"https:\/\/publik360.com\/?s={search_term_string}\"},\"query-input\":\"required name=search_term_string\"}],\"inLanguage\":\"es\"},{\"@type\":\"Organization\",\"@id\":\"https:\/\/publik360.com\/#organization\",\"name\":\"PUBLIK360\",\"url\":\"https:\/\/publik360.com\/\",\"logo\":{\"@type\":\"ImageObject\",\"inLanguage\":\"es\",\"@id\":\"https:\/\/publik360.com\/#\/schema\/logo\/image\/\",\"url\":\"https:\/\/publik360.com\/wp-content\/uploads\/2022\/10\/logo-512.png\",\"contentUrl\":\"https:\/\/publik360.com\/wp-content\/uploads\/2022\/10\/logo-512.png\",\"width\":512,\"height\":512,\"caption\":\"PUBLIK360\"},\"image\":{\"@id\":\"https:\/\/publik360.com\/#\/schema\/logo\/image\/\"},\"sameAs\":[\"https:\/\/www.facebook.com\/publik360mx\",\"https:\/\/www.instagram.com\/publik360mx\"]}]}<\/script>\n<!-- \/ Yoast SEO plugin. -->","yoast_head_json":{"title":"Estrategas de Publicidad y Productores Audiovisuales enfocados al Marketing Digital Integral. - PUBLIK360","description":"Establecidos en Monterrey, con m\u00e1s de 15 a\u00f1os de experiencia en el medio de producci\u00f3n audiovisual y publicidad.","robots":{"index":"index","follow":"follow","max-snippet":"max-snippet:-1","max-image-preview":"max-image-preview:large","max-video-preview":"max-video-preview:-1"},"canonical":"https:\/\/publik360.com\/","og_locale":"es_MX","og_type":"article","og_title":"DIGITAL MARKETING & AUDIOVISUAL PRODUCTION","og_description":"Estrategas de Publicidad y Productores Audiovisuales enfocados al Marketing Digital Integral.","og_url":"https:\/\/publik360.com\/","og_site_name":"PUBLIK360","article_publisher":"https:\/\/www.facebook.com\/publik360mx","article_modified_time":"2023-01-30T19:23:40+00:00","og_image":[{"width":857,"height":550,"url":"https:\/\/publik360.com\/wp-content\/uploads\/2023\/01\/Screen-Shot-2023-01-27-at-4.40.24-PM.png","type":"image\/png"}],"twitter_card":"summary_large_image","twitter_title":"DIGITAL MARKETING & AUDIOVISUAL PRODUCTION","twitter_description":"Estrategas de Publicidad y Productores Audiovisuales enfocados al Marketing Digital Integral.","twitter_image":"https:\/\/publik360.com\/wp-content\/uploads\/2023\/01\/Screen-Shot-2023-01-27-at-4.40.24-PM.png","twitter_misc":{"Tiempo de lectura":"3 minutos"},"schema":{"@context":"https:\/\/schema.org","@graph":[{"@type":"WebPage","@id":"https:\/\/publik360.com\/","url":"https:\/\/publik360.com\/","name":"Estrategas de Publicidad y Productores Audiovisuales enfocados al Marketing Digital Integral. - PUBLIK360","isPartOf":{"@id":"https:\/\/publik360.com\/#website"},"datePublished":"2022-10-17T03:40:23+00:00","dateModified":"2023-01-30T19:23:40+00:00","description":"Establecidos en Monterrey, con m\u00e1s de 15 a\u00f1os de experiencia en el medio de producci\u00f3n audiovisual y publicidad.","breadcrumb":{"@id":"https:\/\/publik360.com\/#breadcrumb"},"inLanguage":"es","potentialAction":[{"@type":"ReadAction","target":["https:\/\/publik360.com\/"]}]},{"@type":"BreadcrumbList","@id":"https:\/\/publik360.com\/#breadcrumb","itemListElement":[{"@type":"ListItem","position":1,"name":"Inicio","item":"https:\/\/publik360.com\/"},{"@type":"ListItem","position":2,"name":"Estrategas de Publicidad y Productores Audiovisuales enfocados al Marketing Digital Integral."}]},{"@type":"WebSite","@id":"https:\/\/publik360.com\/#website","url":"https:\/\/publik360.com\/","name":"PUBLIK360","description":"DIGITAL MEDIA","publisher":{"@id":"https:\/\/publik360.com\/#organization"},"potentialAction":[{"@type":"SearchAction","target":{"@type":"EntryPoint","urlTemplate":"https:\/\/publik360.com\/?s={search_term_string}"},"query-input":"required name=search_term_string"}],"inLanguage":"es"},{"@type":"Organization","@id":"https:\/\/publik360.com\/#organization","name":"PUBLIK360","url":"https:\/\/publik360.com\/","logo":{"@type":"ImageObject","inLanguage":"es","@id":"https:\/\/publik360.com\/#\/schema\/logo\/image\/","url":"https:\/\/publik360.com\/wp-content\/uploads\/2022\/10\/logo-512.png","contentUrl":"https:\/\/publik360.com\/wp-content\/uploads\/2022\/10\/logo-512.png","width":512,"height":512,"caption":"PUBLIK360"},"image":{"@id":"https:\/\/publik360.com\/#\/schema\/logo\/image\/"},"sameAs":["https:\/\/www.facebook.com\/publik360mx","https:\/\/www.instagram.com\/publik360mx"]}]}},"_links":{"self":[{"href":"https:\/\/publik360.com\/index.php\/wp-json\/wp\/v2\/pages\/9","targetHints":{"allow":["GET"]}}],"collection":[{"href":"https:\/\/publik360.com\/index.php\/wp-json\/wp\/v2\/pages"}],"about":[{"href":"https:\/\/publik360.com\/index.php\/wp-json\/wp\/v2\/types\/page"}],"author":[{"embeddable":true,"href":"https:\/\/publik360.com\/index.php\/wp-json\/wp\/v2\/users\/1"}],"replies":[{"embeddable":true,"href":"https:\/\/publik360.com\/index.php\/wp-json\/wp\/v2\/comments?post=9"}],"version-history":[{"count":38,"href":"https:\/\/publik360.com\/index.php\/wp-json\/wp\/v2\/pages\/9\/revisions"}],"predecessor-version":[{"id":285,"href":"https:\/\/publik360.com\/index.php\/wp-json\/wp\/v2\/pages\/9\/revisions\/285"}],"wp:featuredmedia":[{"embeddable":true,"href":"https:\/\/publik360.com\/index.php\/wp-json\/wp\/v2\/media\/68"}],"wp:attachment":[{"href":"https:\/\/publik360.com\/index.php\/wp-json\/wp\/v2\/media?parent=9"}],"curies":[{"name":"wp","href":"https:\/\/api.w.org\/{rel}","templated":true}]}}